{"id":233,"date":"2024-08-05T11:43:34","date_gmt":"2024-08-05T11:43:34","guid":{"rendered":"https:\/\/wcp.nikedogsstation.cz\/?page_id=233"},"modified":"2024-08-05T12:32:14","modified_gmt":"2024-08-05T12:32:14","slug":"o-nas-2","status":"publish","type":"page","link":"https:\/\/wcp.nikedogsstation.cz\/?page_id=233","title":{"rendered":"O n\u00e1s"},"content":{"rendered":"\t\t<div data-elementor-type=\"wp-page\" data-elementor-id=\"233\" class=\"elementor elementor-233\">\n\t\t\t\t<div class=\"elementor-element elementor-element-8eeb6dd e-flex e-con-boxed e-con e-parent\" data-id=\"8eeb6dd\" data-element_type=\"container\">\n\t\t\t\t\t<div class=\"e-con-inner\">\n\t\t<div class=\"elementor-element elementor-element-239bb1d e-con-full e-flex e-con e-child\" data-id=\"239bb1d\" data-element_type=\"container\">\n\t\t\t\t<div class=\"elementor-element elementor-element-ea69a40 elementor-widget elementor-widget-image\" data-id=\"ea69a40\" data-element_type=\"widget\" data-widget_type=\"image.default\">\n\t\t\t\t<div class=\"elementor-widget-container\">\n\t\t\t<style>\/*! elementor - v3.23.0 - 25-07-2024 *\/\n.elementor-widget-image{text-align:center}.elementor-widget-image a{display:inline-block}.elementor-widget-image a img[src$=\".svg\"]{width:48px}.elementor-widget-image img{vertical-align:middle;display:inline-block}<\/style>\t\t\t\t\t\t\t\t\t\t<img fetchpriority=\"high\" decoding=\"async\" width=\"1024\" height=\"683\" src=\"https:\/\/wcp.nikedogsstation.cz\/wp-content\/uploads\/2024\/08\/324732104_1567300500410276_562139179497210658_n-1024x683.jpg\" class=\"attachment-large size-large wp-image-237\" alt=\"CHovatelsk\u00e1 stanice corgi\" srcset=\"https:\/\/wcp.nikedogsstation.cz\/wp-content\/uploads\/2024\/08\/324732104_1567300500410276_562139179497210658_n-1024x683.jpg 1024w, https:\/\/wcp.nikedogsstation.cz\/wp-content\/uploads\/2024\/08\/324732104_1567300500410276_562139179497210658_n-300x200.jpg 300w, https:\/\/wcp.nikedogsstation.cz\/wp-content\/uploads\/2024\/08\/324732104_1567300500410276_562139179497210658_n-768x512.jpg 768w, https:\/\/wcp.nikedogsstation.cz\/wp-content\/uploads\/2024\/08\/324732104_1567300500410276_562139179497210658_n-1536x1024.jpg 1536w, https:\/\/wcp.nikedogsstation.cz\/wp-content\/uploads\/2024\/08\/324732104_1567300500410276_562139179497210658_n.jpg 2048w\" sizes=\"(max-width: 1024px) 100vw, 1024px\" \/>\t\t\t\t\t\t\t\t\t\t\t\t\t<\/div>\n\t\t\t\t<\/div>\n\t\t\t\t<div class=\"elementor-element elementor-element-a30945f elementor-widget elementor-widget-image\" data-id=\"a30945f\" data-element_type=\"widget\" data-widget_type=\"image.default\">\n\t\t\t\t<div class=\"elementor-widget-container\">\n\t\t\t\t\t\t\t\t\t\t\t\t\t<img decoding=\"async\" width=\"1024\" height=\"683\" src=\"https:\/\/wcp.nikedogsstation.cz\/wp-content\/uploads\/2024\/08\/IMG_3092-1024x683.jpg\" class=\"attachment-large size-large wp-image-247\" alt=\"\" srcset=\"https:\/\/wcp.nikedogsstation.cz\/wp-content\/uploads\/2024\/08\/IMG_3092-1024x683.jpg 1024w, https:\/\/wcp.nikedogsstation.cz\/wp-content\/uploads\/2024\/08\/IMG_3092-300x200.jpg 300w, https:\/\/wcp.nikedogsstation.cz\/wp-content\/uploads\/2024\/08\/IMG_3092-768x512.jpg 768w, https:\/\/wcp.nikedogsstation.cz\/wp-content\/uploads\/2024\/08\/IMG_3092-1536x1024.jpg 1536w, https:\/\/wcp.nikedogsstation.cz\/wp-content\/uploads\/2024\/08\/IMG_3092-2048x1365.jpg 2048w\" sizes=\"(max-width: 1024px) 100vw, 1024px\" \/>\t\t\t\t\t\t\t\t\t\t\t\t\t<\/div>\n\t\t\t\t<\/div>\n\t\t\t\t<\/div>\n\t\t<div class=\"elementor-element elementor-element-fd04b0a e-con-full e-flex e-con e-child\" data-id=\"fd04b0a\" data-element_type=\"container\">\n\t\t\t\t<div class=\"elementor-element elementor-element-1a60720 elementor-widget elementor-widget-heading\" data-id=\"1a60720\" data-element_type=\"widget\" data-widget_type=\"heading.default\">\n\t\t\t\t<div class=\"elementor-widget-container\">\n\t\t\t<style>\/*! elementor - v3.23.0 - 25-07-2024 *\/\n.elementor-heading-title{padding:0;margin:0;line-height:1}.elementor-widget-heading .elementor-heading-title[class*=elementor-size-]>a{color:inherit;font-size:inherit;line-height:inherit}.elementor-widget-heading .elementor-heading-title.elementor-size-small{font-size:15px}.elementor-widget-heading .elementor-heading-title.elementor-size-medium{font-size:19px}.elementor-widget-heading .elementor-heading-title.elementor-size-large{font-size:29px}.elementor-widget-heading .elementor-heading-title.elementor-size-xl{font-size:39px}.elementor-widget-heading .elementor-heading-title.elementor-size-xxl{font-size:59px}<\/style><h2 class=\"elementor-heading-title elementor-size-default\">Ahoj, j\u00e1 jsem Nikol...<\/h2>\t\t<\/div>\n\t\t\t\t<\/div>\n\t\t\t\t<div class=\"elementor-element elementor-element-bae6e41 elementor-widget elementor-widget-text-editor\" data-id=\"bae6e41\" data-element_type=\"widget\" data-widget_type=\"text-editor.default\">\n\t\t\t\t<div class=\"elementor-widget-container\">\n\t\t\t<style>\/*! elementor - v3.23.0 - 25-07-2024 *\/\n.elementor-widget-text-editor.elementor-drop-cap-view-stacked .elementor-drop-cap{background-color:#69727d;color:#fff}.elementor-widget-text-editor.elementor-drop-cap-view-framed .elementor-drop-cap{color:#69727d;border:3px solid;background-color:transparent}.elementor-widget-text-editor:not(.elementor-drop-cap-view-default) .elementor-drop-cap{margin-top:8px}.elementor-widget-text-editor:not(.elementor-drop-cap-view-default) .elementor-drop-cap-letter{width:1em;height:1em}.elementor-widget-text-editor .elementor-drop-cap{float:left;text-align:center;line-height:1;font-size:50px}.elementor-widget-text-editor .elementor-drop-cap-letter{display:inline-block}<\/style>\t\t\t\t<p><br><\/p>\n<p>&#8230;a v roce 2015 jsem se zamilovala do plemene Welsh corgi pembroke. Tenkr\u00e1t jsem, ale m\u011bla mlad\u00e9 australa\u010dky, a tak jsem si o corgi jen snila a postovala v\u0161echny mo\u017en\u00fd, vtipn\u00fd, sladk\u00fd videa na facebooku, kter\u00e9 jsem vid\u011bla. Poka\u017ed\u00e9 s textem &#8211; jednou u n\u00e1s doma&#8230;<\/p>\n<p>V roce 2020 jsem si sen splnila a bylo to moje dal\u0161\u00ed, nejlep\u0161\u00ed rozhodnut\u00ed v \u017eivot\u011b. Corgi jsem naprosto propadla, jejich povaha je sice o\u0159\u00ed\u0161ek, ale pokud to vezmete za ten spr\u00e1vn\u00fd konec m\u00e1te opravdu v\u011brn\u00e9ho kamar\u00e1da na spousty let.&nbsp;<\/p>\n<p>N\u00e1\u0161 prvn\u00ed vrh se narodil v roce 2024, a j\u00e1 na tuhle ned\u011bli nikdy nezapomenu. M\u011bli jsme \u0161t\u011bst\u00ed na p\u0159irozen\u00fd porod. Jsme mal\u00e1 chovatelsk\u00e1 stanice a zaj\u00edm\u00e1 n\u00e1s, jak\u00fd domov na\u0161e \u0161t\u011b\u0148\u00e1tka budou m\u00edt.&nbsp;<\/p>\n<p>Chovatelstv\u00ed n\u00e1s bav\u00ed, a r\u00e1di potk\u00e1v\u00e1me nov\u00e9 lidi, kte\u0159\u00ed sd\u00edl\u00ed stejnou v\u00e1\u0161e\u0148, jako my.. Pokud m\u00e1te z\u00e1jem o \u0161t\u011b\u0148\u00e1tko, nebo chcete jen poznat p\u00e1r skv\u011bl\u00fdch corgi napi\u0161te a m\u016f\u017eeme vymyslet n\u011bjakou proch\u00e1zku.<\/p>\n<p>S L\u016f a V\u00e1jou se v\u011bnujeme ps\u00edm sport\u016fm, ale i pr\u00e1ci s ovcemi, p\u0159i kter\u00e9 dosahuj\u00ed excelentn\u00edch v\u00fdsledk\u016f. Potk\u00e1te n\u00e1s tak\u00e9 na v\u00fdstav\u00e1ch, kter\u00e9 jsou dal\u0161\u00edm m\u00fdm velk\u00fdm kon\u00ed\u010dkem.<\/p>\n<p><br><\/p>\t\t\t\t\t\t<\/div>\n\t\t\t\t<\/div>\n\t\t\t\t<\/div>\n\t\t\t\t\t<\/div>\n\t\t\t\t<\/div>\n\t\t<div class=\"elementor-element elementor-element-519f904 e-flex e-con-boxed e-con e-parent\" data-id=\"519f904\" data-element_type=\"container\">\n\t\t\t\t\t<div class=\"e-con-inner\">\n\t\t\t\t\t<\/div>\n\t\t\t\t<\/div>\n\t\t\t\t<\/div>\n\t\t","protected":false},"excerpt":{"rendered":"<p>Ahoj, j\u00e1 jsem Nikol&#8230; &#8230;a v roce 2015 jsem se zamilovala do plemene Welsh corgi pembroke. Tenkr\u00e1t jsem, ale m\u011bla [&hellip;]<\/p>\n","protected":false},"author":4,"featured_media":0,"parent":0,"menu_order":0,"comment_status":"closed","ping_status":"closed","template":"","meta":{"site-sidebar-layout":"no-sidebar","site-content-layout":"","ast-site-content-layout":"full-width-container","site-content-style":"default","site-sidebar-style":"default","ast-global-header-display":"","ast-banner-title-visibility":"","ast-main-header-display":"","ast-hfb-above-header-display":"","ast-hfb-below-header-display":"","ast-hfb-mobile-header-display":"","site-post-title":"disabled","ast-breadcrumbs-content":"","ast-featured-img":"disabled","footer-sml-layout":"","theme-transparent-header-meta":"","adv-header-id-meta":"","stick-header-meta":"","header-above-stick-meta":"","header-main-stick-meta":"","header-below-stick-meta":"","astra-migrate-meta-layouts":"default","ast-page-background-enabled":"default","ast-page-background-meta":{"desktop":{"background-color":"var(--ast-global-color-4)","background-image":"","background-repeat":"repeat","background-position":"center center","background-size":"auto","background-attachment":"scroll","background-type":"","background-media":"","overlay-type":"","overlay-color":"","overlay-opacity":"","overlay-gradient":""},"tablet":{"background-color":"","background-image":"","background-repeat":"repeat","background-position":"center center","background-size":"auto","background-attachment":"scroll","background-type":"","background-media":"","overlay-type":"","overlay-color":"","overlay-opacity":"","overlay-gradient":""},"mobile":{"background-color":"","background-image":"","background-repeat":"repeat","background-position":"center center","background-size":"auto","background-attachment":"scroll","background-type":"","background-media":"","overlay-type":"","overlay-color":"","overlay-opacity":"","overlay-gradient":""}},"ast-content-background-meta":{"desktop":{"background-color":"var(--ast-global-color-5)","background-image":"","background-repeat":"repeat","background-position":"center center","background-size":"auto","background-attachment":"scroll","background-type":"","background-media":"","overlay-type":"","overlay-color":"","overlay-opacity":"","overlay-gradient":""},"tablet":{"background-color":"var(--ast-global-color-5)","background-image":"","background-repeat":"repeat","background-position":"center center","background-size":"auto","background-attachment":"scroll","background-type":"","background-media":"","overlay-type":"","overlay-color":"","overlay-opacity":"","overlay-gradient":""},"mobile":{"background-color":"var(--ast-global-color-5)","background-image":"","background-repeat":"repeat","background-position":"center center","background-size":"auto","background-attachment":"scroll","background-type":"","background-media":"","overlay-type":"","overlay-color":"","overlay-opacity":"","overlay-gradient":""}},"footnotes":""},"class_list":["post-233","page","type-page","status-publish","hentry"],"_links":{"self":[{"href":"https:\/\/wcp.nikedogsstation.cz\/index.php?rest_route=\/wp\/v2\/pages\/233","targetHints":{"allow":["GET"]}}],"collection":[{"href":"https:\/\/wcp.nikedogsstation.cz\/index.php?rest_route=\/wp\/v2\/pages"}],"about":[{"href":"https:\/\/wcp.nikedogsstation.cz\/index.php?rest_route=\/wp\/v2\/types\/page"}],"author":[{"embeddable":true,"href":"https:\/\/wcp.nikedogsstation.cz\/index.php?rest_route=\/wp\/v2\/users\/4"}],"replies":[{"embeddable":true,"href":"https:\/\/wcp.nikedogsstation.cz\/index.php?rest_route=%2Fwp%2Fv2%2Fcomments&post=233"}],"version-history":[{"count":13,"href":"https:\/\/wcp.nikedogsstation.cz\/index.php?rest_route=\/wp\/v2\/pages\/233\/revisions"}],"predecessor-version":[{"id":256,"href":"https:\/\/wcp.nikedogsstation.cz\/index.php?rest_route=\/wp\/v2\/pages\/233\/revisions\/256"}],"wp:attachment":[{"href":"https:\/\/wcp.nikedogsstation.cz\/index.php?rest_route=%2Fwp%2Fv2%2Fmedia&parent=233"}],"curies":[{"name":"wp","href":"https:\/\/api.w.org\/{rel}","templated":true}]}}